{"id":10001,"date":"2020-09-01T11:16:53","date_gmt":"2020-09-01T11:16:53","guid":{"rendered":"https:\/\/food-shop.org\/?product=fuchs-gyros-wuerzmischung-1er-pack-1-x-1-kg"},"modified":"2023-04-08T17:09:20","modified_gmt":"2023-04-08T17:09:20","slug":"fuchs-gyros-wuerzmischung-1er-pack-1-x-1-kg","status":"publish","type":"product","link":"https:\/\/food-shop.org\/?product=fuchs-gyros-wuerzmischung-1er-pack-1-x-1-kg","title":{"rendered":"Fuchs Gyros W\u00fcrzmischung, 1er Pack (1 x 1 kg)"},"content":{"rendered":"<p><!-- show up to 2 reviews by default --> <\/p>\n<h3>Inhaltsstoffe \/ Zutaten<\/h3>\n<p>Zutaten: Speisesalz, Gew\u00fcrze f\u00fcr Gyrosmischung (Paprika , Zwiebeln, Chilli, Piment, Knoblauch, Lorbeer), Kr\u00e4uter f\u00fcr Gyrosmischung (Oregano, Petersilie, Rosmarin, Majoran, Thymian, Basilikum), Geschmacksverst\u00e4rker Mononatriumglutamat, Dextrose, Raps\u00f6l, Trennmittel (E 470, E 551). [Spuren: Weizen, Ei, Soja, Milch, Sellerie, Senf, Sesam] <\/p>\n<h3>Anschrift Hersteller\/Importeur<\/h3>\n<p>Industriestra\u00dfe 25, 49201 Dissen a.T.W. <\/p>\n<p>Die Gyros W\u00fcrzmischung verleiht Gerichten einen charakteristischen mediterranen Geschmack, eignet sich vor allem f\u00fcr griechische Fleischgerichte.<br \/>\nAnwendung: Nach Bedarf.<br \/>\nAbmessung des Artikelpakets:- 19.41 x 12.8 x 7.19 cm<br \/>\nArtikel Paket Gewicht:- 1.03 kilograms<br \/>\n<div class=\"main-cross-sell\" data-asin=\"B00ZII8JRK\">\n\n\t<div class=\"WooZone-cross-sell-loader\">\n\t\t<div>\n\t\t\t<div id=\"floatingBarsG\">\n\t\t\t\t<div class=\"blockG\" id=\"rotateG_01\"><\/div>\n\t\t\t\t<div class=\"blockG\" id=\"rotateG_02\"><\/div>\n\t\t\t\t<div class=\"blockG\" id=\"rotateG_03\"><\/div>\n\t\t\t\t<div class=\"blockG\" id=\"rotateG_04\"><\/div>\n\t\t\t\t<div class=\"blockG\" id=\"rotateG_05\"><\/div>\n\t\t\t\t<div class=\"blockG\" id=\"rotateG_06\"><\/div>\n\t\t\t\t<div class=\"blockG\" id=\"rotateG_07\"><\/div>\n\t\t\t\t<div class=\"blockG\" id=\"rotateG_08\"><\/div>\n\t\t\t<\/div>\n\t\t\t<div class=\"WooZone-cross-sell-loader-text\"><\/div>\n\t\t<\/div>\n\t<\/div>\n\n\t\t\n<\/div>\n<div style=\"clear:both;\"><\/div>\n","protected":false},"excerpt":{"rendered":"Die Gyros W\u00fcrzmischung verleiht Gerichten einen charakteristischen mediterranen Geschmack, eignet sich vor allem f\u00fcr griechische Fleischgerichte.\nAnwendung: Nach Bedarf.\nAbmessung des Artikelpakets:- 19.41 x 12.8 x 7.19 cm","protected":false},"featured_media":10002,"comment_status":"open","ping_status":"closed","template":"","meta":[],"product_cat":[57,66],"product_tag":[],"_links":{"self":[{"href":"https:\/\/food-shop.org\/index.php?rest_route=\/wp\/v2\/product\/10001"}],"collection":[{"href":"https:\/\/food-shop.org\/index.php?rest_route=\/wp\/v2\/product"}],"about":[{"href":"https:\/\/food-shop.org\/index.php?rest_route=\/wp\/v2\/types\/product"}],"replies":[{"embeddable":true,"href":"https:\/\/food-shop.org\/index.php?rest_route=%2Fwp%2Fv2%2Fcomments&post=10001"}],"wp:featuredmedia":[{"embeddable":true,"href":"https:\/\/food-shop.org\/index.php?rest_route=\/wp\/v2\/media\/10002"}],"wp:attachment":[{"href":"https:\/\/food-shop.org\/index.php?rest_route=%2Fwp%2Fv2%2Fmedia&parent=10001"}],"wp:term":[{"taxonomy":"product_cat","embeddable":true,"href":"https:\/\/food-shop.org\/index.php?rest_route=%2Fwp%2Fv2%2Fproduct_cat&post=10001"},{"taxonomy":"product_tag","embeddable":true,"href":"https:\/\/food-shop.org\/index.php?rest_route=%2Fwp%2Fv2%2Fproduct_tag&post=10001"}],"curies":[{"name":"wp","href":"https:\/\/api.w.org\/{rel}","templated":true}]}}